{"id":919,"date":"2023-08-10T05:22:26","date_gmt":"2023-08-10T05:22:26","guid":{"rendered":"https:\/\/www.aton-group.com\/about\/"},"modified":"2025-05-20T07:25:43","modified_gmt":"2025-05-20T07:25:43","slug":"a-propos-de-nous","status":"publish","type":"page","link":"https:\/\/www.aton-group.com\/fr\/a-propos-de-nous\/","title":{"rendered":"A propos de nous"},"content":{"rendered":"","protected":false},"excerpt":{"rendered":"","protected":false},"author":1,"featured_media":0,"parent":0,"menu_order":0,"comment_status":"closed","ping_status":"closed","template":"","meta":{"inline_featured_image":false,"footnotes":""},"class_list":["post-919","page","type-page","status-publish","hentry","entry"],"acf":[],"yoast_head":"<!-- This site is optimized with the Yoast SEO plugin v23.3 - https:\/\/yoast.com\/wordpress\/plugins\/seo\/ -->\n<title>Investi dans la m\u00e9decine d&#039;aujourd&#039;hui et de demain - ATON<\/title>\n<meta name=\"description\" content=\"ATON, dont le si\u00e8ge est \u00e0 Strasbourg, a constitu\u00e9 une \u00e9quipe experts qui se consacrent \u00e0 l&#039;acc\u00e9l\u00e9ration des progr\u00e8s de la m\u00e9decine d&#039;aujourd&#039;hui et de demain.\" \/>\n<meta name=\"robots\" content=\"index, follow, max-snippet:-1, max-image-preview:large, max-video-preview:-1\" \/>\n<link rel=\"canonical\" href=\"https:\/\/www.aton-group.com\/fr\/a-propos-de-nous\/\" \/>\n<meta property=\"og:locale\" content=\"fr_FR\" \/>\n<meta property=\"og:type\" content=\"article\" \/>\n<meta property=\"og:title\" content=\"Investi dans la m\u00e9decine d&#039;aujourd&#039;hui et de demain - ATON\" \/>\n<meta property=\"og:description\" content=\"ATON, dont le si\u00e8ge est \u00e0 Strasbourg, a constitu\u00e9 une \u00e9quipe experts qui se consacrent \u00e0 l&#039;acc\u00e9l\u00e9ration des progr\u00e8s de la m\u00e9decine d&#039;aujourd&#039;hui et de demain.\" \/>\n<meta property=\"og:url\" content=\"https:\/\/www.aton-group.com\/fr\/a-propos-de-nous\/\" \/>\n<meta property=\"og:site_name\" content=\"ATON\" \/>\n<meta property=\"article:modified_time\" content=\"2025-05-20T07:25:43+00:00\" \/>\n<meta name=\"twitter:card\" content=\"summary_large_image\" \/>\n<script type=\"application\/ld+json\" class=\"yoast-schema-graph\">{\"@context\":\"https:\/\/schema.org\",\"@graph\":[{\"@type\":\"WebPage\",\"@id\":\"https:\/\/www.aton-group.com\/fr\/a-propos-de-nous\/\",\"url\":\"https:\/\/www.aton-group.com\/fr\/a-propos-de-nous\/\",\"name\":\"Investi dans la m\u00e9decine d'aujourd'hui et de demain - ATON\",\"isPartOf\":{\"@id\":\"https:\/\/www.aton-group.com\/#website\"},\"datePublished\":\"2023-08-10T05:22:26+00:00\",\"dateModified\":\"2025-05-20T07:25:43+00:00\",\"description\":\"ATON, dont le si\u00e8ge est \u00e0 Strasbourg, a constitu\u00e9 une \u00e9quipe experts qui se consacrent \u00e0 l'acc\u00e9l\u00e9ration des progr\u00e8s de la m\u00e9decine d'aujourd'hui et de demain.\",\"breadcrumb\":{\"@id\":\"https:\/\/www.aton-group.com\/fr\/a-propos-de-nous\/#breadcrumb\"},\"inLanguage\":\"fr-FR\",\"potentialAction\":[{\"@type\":\"ReadAction\",\"target\":[\"https:\/\/www.aton-group.com\/fr\/a-propos-de-nous\/\"]}]},{\"@type\":\"BreadcrumbList\",\"@id\":\"https:\/\/www.aton-group.com\/fr\/a-propos-de-nous\/#breadcrumb\",\"itemListElement\":[{\"@type\":\"ListItem\",\"position\":1,\"name\":\"Home\",\"item\":\"https:\/\/www.aton-group.com\/fr\/\"},{\"@type\":\"ListItem\",\"position\":2,\"name\":\"A propos de nous\"}]},{\"@type\":\"WebSite\",\"@id\":\"https:\/\/www.aton-group.com\/#website\",\"url\":\"https:\/\/www.aton-group.com\/\",\"name\":\"ATON\",\"description\":\"\",\"publisher\":{\"@id\":\"https:\/\/www.aton-group.com\/#organization\"},\"potentialAction\":[{\"@type\":\"SearchAction\",\"target\":{\"@type\":\"EntryPoint\",\"urlTemplate\":\"https:\/\/www.aton-group.com\/?s={search_term_string}\"},\"query-input\":\"required name=search_term_string\"}],\"inLanguage\":\"fr-FR\"},{\"@type\":\"Organization\",\"@id\":\"https:\/\/www.aton-group.com\/#organization\",\"name\":\"ATON\",\"url\":\"https:\/\/www.aton-group.com\/\",\"logo\":{\"@type\":\"ImageObject\",\"inLanguage\":\"fr-FR\",\"@id\":\"https:\/\/www.aton-group.com\/#\/schema\/logo\/image\/\",\"url\":\"https:\/\/www.aton-group.com\/wp-content\/uploads\/2023\/08\/Artwork.svg\",\"contentUrl\":\"https:\/\/www.aton-group.com\/wp-content\/uploads\/2023\/08\/Artwork.svg\",\"width\":305,\"height\":121,\"caption\":\"ATON\"},\"image\":{\"@id\":\"https:\/\/www.aton-group.com\/#\/schema\/logo\/image\/\"}}]}<\/script>\n<!-- \/ Yoast SEO plugin. -->","yoast_head_json":{"title":"Investi dans la m\u00e9decine d'aujourd'hui et de demain - ATON","description":"ATON, dont le si\u00e8ge est \u00e0 Strasbourg, a constitu\u00e9 une \u00e9quipe experts qui se consacrent \u00e0 l'acc\u00e9l\u00e9ration des progr\u00e8s de la m\u00e9decine d'aujourd'hui et de demain.","robots":{"index":"index","follow":"follow","max-snippet":"max-snippet:-1","max-image-preview":"max-image-preview:large","max-video-preview":"max-video-preview:-1"},"canonical":"https:\/\/www.aton-group.com\/fr\/a-propos-de-nous\/","og_locale":"fr_FR","og_type":"article","og_title":"Investi dans la m\u00e9decine d'aujourd'hui et de demain - ATON","og_description":"ATON, dont le si\u00e8ge est \u00e0 Strasbourg, a constitu\u00e9 une \u00e9quipe experts qui se consacrent \u00e0 l'acc\u00e9l\u00e9ration des progr\u00e8s de la m\u00e9decine d'aujourd'hui et de demain.","og_url":"https:\/\/www.aton-group.com\/fr\/a-propos-de-nous\/","og_site_name":"ATON","article_modified_time":"2025-05-20T07:25:43+00:00","twitter_card":"summary_large_image","schema":{"@context":"https:\/\/schema.org","@graph":[{"@type":"WebPage","@id":"https:\/\/www.aton-group.com\/fr\/a-propos-de-nous\/","url":"https:\/\/www.aton-group.com\/fr\/a-propos-de-nous\/","name":"Investi dans la m\u00e9decine d'aujourd'hui et de demain - ATON","isPartOf":{"@id":"https:\/\/www.aton-group.com\/#website"},"datePublished":"2023-08-10T05:22:26+00:00","dateModified":"2025-05-20T07:25:43+00:00","description":"ATON, dont le si\u00e8ge est \u00e0 Strasbourg, a constitu\u00e9 une \u00e9quipe experts qui se consacrent \u00e0 l'acc\u00e9l\u00e9ration des progr\u00e8s de la m\u00e9decine d'aujourd'hui et de demain.","breadcrumb":{"@id":"https:\/\/www.aton-group.com\/fr\/a-propos-de-nous\/#breadcrumb"},"inLanguage":"fr-FR","potentialAction":[{"@type":"ReadAction","target":["https:\/\/www.aton-group.com\/fr\/a-propos-de-nous\/"]}]},{"@type":"BreadcrumbList","@id":"https:\/\/www.aton-group.com\/fr\/a-propos-de-nous\/#breadcrumb","itemListElement":[{"@type":"ListItem","position":1,"name":"Home","item":"https:\/\/www.aton-group.com\/fr\/"},{"@type":"ListItem","position":2,"name":"A propos de nous"}]},{"@type":"WebSite","@id":"https:\/\/www.aton-group.com\/#website","url":"https:\/\/www.aton-group.com\/","name":"ATON","description":"","publisher":{"@id":"https:\/\/www.aton-group.com\/#organization"},"potentialAction":[{"@type":"SearchAction","target":{"@type":"EntryPoint","urlTemplate":"https:\/\/www.aton-group.com\/?s={search_term_string}"},"query-input":"required name=search_term_string"}],"inLanguage":"fr-FR"},{"@type":"Organization","@id":"https:\/\/www.aton-group.com\/#organization","name":"ATON","url":"https:\/\/www.aton-group.com\/","logo":{"@type":"ImageObject","inLanguage":"fr-FR","@id":"https:\/\/www.aton-group.com\/#\/schema\/logo\/image\/","url":"https:\/\/www.aton-group.com\/wp-content\/uploads\/2023\/08\/Artwork.svg","contentUrl":"https:\/\/www.aton-group.com\/wp-content\/uploads\/2023\/08\/Artwork.svg","width":305,"height":121,"caption":"ATON"},"image":{"@id":"https:\/\/www.aton-group.com\/#\/schema\/logo\/image\/"}}]}},"_links":{"self":[{"href":"https:\/\/www.aton-group.com\/fr\/wp-json\/wp\/v2\/pages\/919"}],"collection":[{"href":"https:\/\/www.aton-group.com\/fr\/wp-json\/wp\/v2\/pages"}],"about":[{"href":"https:\/\/www.aton-group.com\/fr\/wp-json\/wp\/v2\/types\/page"}],"author":[{"embeddable":true,"href":"https:\/\/www.aton-group.com\/fr\/wp-json\/wp\/v2\/users\/1"}],"replies":[{"embeddable":true,"href":"https:\/\/www.aton-group.com\/fr\/wp-json\/wp\/v2\/comments?post=919"}],"version-history":[{"count":11,"href":"https:\/\/www.aton-group.com\/fr\/wp-json\/wp\/v2\/pages\/919\/revisions"}],"predecessor-version":[{"id":2588,"href":"https:\/\/www.aton-group.com\/fr\/wp-json\/wp\/v2\/pages\/919\/revisions\/2588"}],"wp:attachment":[{"href":"https:\/\/www.aton-group.com\/fr\/wp-json\/wp\/v2\/media?parent=919"}],"curies":[{"name":"wp","href":"https:\/\/api.w.org\/{rel}","templated":true}]}}